{"id":85,"date":"2026-03-25T15:00:23","date_gmt":"2026-03-25T14:00:23","guid":{"rendered":"https:\/\/ehefa.igm.ch\/?page_id=85"},"modified":"2026-04-08T11:46:05","modified_gmt":"2026-04-08T09:46:05","slug":"startseite","status":"publish","type":"page","link":"https:\/\/ehefa.igm.ch\/","title":{"rendered":"&#8211;Startseite"},"content":{"rendered":"\n<div class=\"wp-block-cover alignfull wp-duotone-unset-1\" style=\"min-height:120px;aspect-ratio:unset;\"><span aria-hidden=\"true\" class=\"wp-block-cover__background has-vivid-cyan-blue-background-color has-background-dim-100 has-background-dim\"><\/span><div class=\"wp-block-cover__inner-container is-layout-constrained wp-block-cover-is-layout-constrained\">\n<p style=\"text-align: center; font-family: Arial, sans-serif; color: #ffffff; font-size: 28px; font-weight: bold; text-transform: uppercase; letter-spacing: 1px; margin: 0; padding: 20px 0;\">Wissenstest um die Ehe und Kinder<\/p>\n<\/div><\/div>\n\n\n\n<h1 class=\"wp-block-heading has-text-align-center\"><mark style=\"background-color:rgba(0, 0, 0, 0)\" class=\"has-inline-color has-vivid-red-color\"><strong><br>Hinweis: Diese Seite befindet sich aktuell im Aufbau.<\/strong><\/mark><br><\/h1>\n\n\n\n<div class=\"wp-block-group\"><div class=\"wp-block-group__inner-container is-layout-constrained wp-block-group-is-layout-constrained\">\n<div class=\"wp-block-columns is-layout-flex wp-container-core-columns-is-layout-9d6595d7 wp-block-columns-is-layout-flex\">\n<div class=\"wp-block-column is-layout-flow wp-block-column-is-layout-flow\"><div class=\"wp-block-image\">\n<figure class=\"aligncenter size-full\"><a href=\"https:\/\/ehefa.igm.ch\/?page_id=35\"><img loading=\"lazy\" decoding=\"async\" width=\"500\" height=\"273\" src=\"https:\/\/ehefa.igm.ch\/wp-content\/uploads\/2026\/03\/Ehetest_500x002.jpg\" alt=\"\" class=\"wp-image-92\" srcset=\"https:\/\/ehefa.igm.ch\/wp-content\/uploads\/2026\/03\/Ehetest_500x002.jpg 500w, https:\/\/ehefa.igm.ch\/wp-content\/uploads\/2026\/03\/Ehetest_500x002-300x164.jpg 300w\" sizes=\"auto, (max-width: 500px) 100vw, 500px\" \/><\/a><\/figure>\n<\/div>\n\n\n<p class=\"has-text-align-center has-medium-font-size\"><strong><a href=\"https:\/\/ehefa.igm.ch\/?page_id=35\" data-type=\"page\" data-id=\"35\">Ehe-F\u00fchrerausweis<\/a><\/strong><\/p>\n<\/div>\n\n\n\n<div class=\"wp-block-column is-layout-flow wp-block-column-is-layout-flow\"><div class=\"wp-block-image\">\n<figure class=\"aligncenter size-full\"><a href=\"https:\/\/ehefa.igm.ch\/wp-content\/uploads\/2026\/03\/Kindertest_500x003.jpg\"><img loading=\"lazy\" decoding=\"async\" width=\"500\" height=\"273\" src=\"https:\/\/ehefa.igm.ch\/wp-content\/uploads\/2026\/03\/Kindertest_500x003.jpg\" alt=\"\" class=\"wp-image-97\" srcset=\"https:\/\/ehefa.igm.ch\/wp-content\/uploads\/2026\/03\/Kindertest_500x003.jpg 500w, https:\/\/ehefa.igm.ch\/wp-content\/uploads\/2026\/03\/Kindertest_500x003-300x164.jpg 300w\" sizes=\"auto, (max-width: 500px) 100vw, 500px\" \/><\/a><\/figure>\n<\/div>\n\n\n<p class=\"has-text-align-center has-medium-font-size\"><strong><a href=\"https:\/\/ehefa.igm.ch\/?page_id=198\" data-type=\"page\" data-id=\"198\">Kinder-F\u00fchrerausweis<\/a><\/strong><\/p>\n<\/div>\n\n\n\n<div class=\"wp-block-column is-layout-flow wp-block-column-is-layout-flow\"><div class=\"wp-block-image\">\n<figure class=\"aligncenter size-full\"><img loading=\"lazy\" decoding=\"async\" width=\"500\" height=\"273\" src=\"https:\/\/ehefa.igm.ch\/wp-content\/uploads\/2026\/03\/Scheidungstest_500x001.jpg\" alt=\"\" class=\"wp-image-95\" srcset=\"https:\/\/ehefa.igm.ch\/wp-content\/uploads\/2026\/03\/Scheidungstest_500x001.jpg 500w, https:\/\/ehefa.igm.ch\/wp-content\/uploads\/2026\/03\/Scheidungstest_500x001-300x164.jpg 300w\" sizes=\"auto, (max-width: 500px) 100vw, 500px\" \/><\/figure>\n<\/div>\n\n\n<p class=\"has-text-align-center has-medium-font-size\"><strong><a href=\"https:\/\/ehefa.igm.ch\/?page_id=44\" data-type=\"page\" data-id=\"44\">Scheidungs-F\u00fchrerausweis<\/a><\/strong><\/p>\n<\/div>\n<\/div>\n<\/div><\/div>\n\n\n\n\n\n\n\n<p><strong>Hinweis:<\/strong> Hast du das Quiz bestanden, aber vergessen, dein Zertifikat herunterzuladen? Kein Problem \u2013 melde dich einfach mit dem untenstehende Kontaktformular bei uns. Wir werden dir dann das Zertifikat nochmals per E-Mail zustellen.<\/p>\n\n\n\n<a href=\"\/?page_id=392\" onclick=\"window.open(this.href,'kontakt','width=600,height=700'); return false;\">\nKontaktformular\n<\/a>\n\n\n\n<p><\/p>\n","protected":false},"excerpt":{"rendered":"<p>Hinweis: Diese Seite befindet sich aktuell im Aufbau. Ehe-F\u00fchrerausweis Kinder-F\u00fchrerausweis Scheidungs-F\u00fchrerausweis Hinweis: Hast du das Quiz bestanden, aber vergessen, dein Zertifikat herunterzuladen? Kein Problem \u2013 melde dich einfach mit dem untenstehende Kontaktformular bei uns. Wir werden dir dann das Zertifikat nochmals per E-Mail zustellen. Kontaktformular<\/p>\n","protected":false},"author":1,"featured_media":0,"parent":0,"menu_order":0,"comment_status":"closed","ping_status":"closed","template":"","meta":{"ocean_post_layout":"","ocean_both_sidebars_style":"","ocean_both_sidebars_content_width":0,"ocean_both_sidebars_sidebars_width":0,"ocean_sidebar":"","ocean_second_sidebar":"","ocean_disable_margins":"enable","ocean_add_body_class":"","ocean_shortcode_before_top_bar":"","ocean_shortcode_after_top_bar":"","ocean_shortcode_before_header":"","ocean_shortcode_after_header":"","ocean_has_shortcode":"","ocean_shortcode_after_title":"","ocean_shortcode_before_footer_widgets":"","ocean_shortcode_after_footer_widgets":"","ocean_shortcode_before_footer_bottom":"","ocean_shortcode_after_footer_bottom":"","ocean_display_top_bar":"default","ocean_display_header":"default","ocean_header_style":"","ocean_center_header_left_menu":"","ocean_custom_header_template":"","ocean_custom_logo":0,"ocean_custom_retina_logo":0,"ocean_custom_logo_max_width":0,"ocean_custom_logo_tablet_max_width":0,"ocean_custom_logo_mobile_max_width":0,"ocean_custom_logo_max_height":0,"ocean_custom_logo_tablet_max_height":0,"ocean_custom_logo_mobile_max_height":0,"ocean_header_custom_menu":"","ocean_menu_typo_font_family":"","ocean_menu_typo_font_subset":"","ocean_menu_typo_font_size":0,"ocean_menu_typo_font_size_tablet":0,"ocean_menu_typo_font_size_mobile":0,"ocean_menu_typo_font_size_unit":"px","ocean_menu_typo_font_weight":"","ocean_menu_typo_font_weight_tablet":"","ocean_menu_typo_font_weight_mobile":"","ocean_menu_typo_transform":"","ocean_menu_typo_transform_tablet":"","ocean_menu_typo_transform_mobile":"","ocean_menu_typo_line_height":0,"ocean_menu_typo_line_height_tablet":0,"ocean_menu_typo_line_height_mobile":0,"ocean_menu_typo_line_height_unit":"","ocean_menu_typo_spacing":0,"ocean_menu_typo_spacing_tablet":0,"ocean_menu_typo_spacing_mobile":0,"ocean_menu_typo_spacing_unit":"","ocean_menu_link_color":"","ocean_menu_link_color_hover":"","ocean_menu_link_color_active":"","ocean_menu_link_background":"","ocean_menu_link_hover_background":"","ocean_menu_link_active_background":"","ocean_menu_social_links_bg":"","ocean_menu_social_hover_links_bg":"","ocean_menu_social_links_color":"","ocean_menu_social_hover_links_color":"","ocean_disable_title":"default","ocean_disable_heading":"default","ocean_post_title":"","ocean_post_subheading":"","ocean_post_title_style":"","ocean_post_title_background_color":"","ocean_post_title_background":0,"ocean_post_title_bg_image_position":"","ocean_post_title_bg_image_attachment":"","ocean_post_title_bg_image_repeat":"","ocean_post_title_bg_image_size":"","ocean_post_title_height":0,"ocean_post_title_bg_overlay":0.5,"ocean_post_title_bg_overlay_color":"","ocean_disable_breadcrumbs":"default","ocean_breadcrumbs_color":"","ocean_breadcrumbs_separator_color":"","ocean_breadcrumbs_links_color":"","ocean_breadcrumbs_links_hover_color":"","ocean_display_footer_widgets":"default","ocean_display_footer_bottom":"default","ocean_custom_footer_template":"","footnotes":""},"class_list":["post-85","page","type-page","status-publish","hentry","entry"],"_links":{"self":[{"href":"https:\/\/ehefa.igm.ch\/index.php?rest_route=\/wp\/v2\/pages\/85","targetHints":{"allow":["GET"]}}],"collection":[{"href":"https:\/\/ehefa.igm.ch\/index.php?rest_route=\/wp\/v2\/pages"}],"about":[{"href":"https:\/\/ehefa.igm.ch\/index.php?rest_route=\/wp\/v2\/types\/page"}],"author":[{"embeddable":true,"href":"https:\/\/ehefa.igm.ch\/index.php?rest_route=\/wp\/v2\/users\/1"}],"replies":[{"embeddable":true,"href":"https:\/\/ehefa.igm.ch\/index.php?rest_route=%2Fwp%2Fv2%2Fcomments&post=85"}],"version-history":[{"count":34,"href":"https:\/\/ehefa.igm.ch\/index.php?rest_route=\/wp\/v2\/pages\/85\/revisions"}],"predecessor-version":[{"id":416,"href":"https:\/\/ehefa.igm.ch\/index.php?rest_route=\/wp\/v2\/pages\/85\/revisions\/416"}],"wp:attachment":[{"href":"https:\/\/ehefa.igm.ch\/index.php?rest_route=%2Fwp%2Fv2%2Fmedia&parent=85"}],"curies":[{"name":"wp","href":"https:\/\/api.w.org\/{rel}","templated":true}]}}